{"id":1332,"date":"2021-05-30T14:08:16","date_gmt":"2021-05-30T13:08:16","guid":{"rendered":"https:\/\/safewheels.wordifysites.com\/?page_id=2"},"modified":"2026-04-06T16:29:33","modified_gmt":"2026-04-06T16:29:33","slug":"inicio","status":"publish","type":"page","link":"https:\/\/automovilesruizlebrija.com\/","title":{"rendered":"Inicio"},"content":{"rendered":"\n<section class=\"gb-element-2e133fa7\">\n<div class=\"gb-element-6ebba9ee\">\n<div class=\"gb-element-988ceeb4\">\n<h1 class=\"gb-text gb-text-c4fa2e48\">AUTOM\u00d3VILES RUIZ<\/h1>\n\n\n\n<h2 class=\"gb-text gb-text-7c12bd8d\">\u201cCalidad, confianza y el mejor precio en cada kil\u00f3metro.\u201d<\/h2>\n\n\n\n<p class=\"gb-text gb-text-e148efa1\">En Autom\u00f3viles Ruiz nos especializamos en la venta de veh\u00edculos de ocasi\u00f3n revisados y garantizados, ofreciendo siempre la mejor relaci\u00f3n calidad-precio. Gracias a nuestro taller y tienda de recambios propios, aseguramos coches fiables, un servicio completo y una experiencia de compra cercana, transparente y sin complicaciones.<\/p>\n\n\n\n<a class=\"gb-text gb-text-f055064c\" href=\"https:\/\/automovilesruizlebrija.com\/index.php\/sobre-nosotros\/\">con\u00f3cenos<\/a>\n<\/div>\n\n\n\n<div class=\"gb-element-9b745209\">\n<div class=\"gb-element-0cfc46ea\">\n<img loading=\"lazy\" decoding=\"async\" width=\"640\" height=\"320\" class=\"gb-media-ba5b2db7\" src=\"https:\/\/automovilesruizlebrija.com\/wp-content\/uploads\/2022\/06\/car-4732653_640.png\" srcset=\"https:\/\/automovilesruizlebrija.com\/wp-content\/uploads\/2022\/06\/car-4732653_640.png 640w, https:\/\/automovilesruizlebrija.com\/wp-content\/uploads\/2022\/06\/car-4732653_640-300x150.png 300w\" sizes=\"auto, (max-width: 640px) 100vw, 640px\" \/>\n\n\n\n<div class=\"gb-element-3831c62f\">\n<div class=\"gb-text-752fda2a\"><span class=\"gb-shape\"><svg viewBox=\"0 0 512 512\" xmlns=\"http:\/\/www.w3.org\/2000\/svg\">  \t \t\t<path d=\"M452.028,222.199C447.087,131.883,361.062,59.733,256,59.733S64.913,131.883,59.972,222.199 \t\t\tC25.745,224.683,0,242.372,0,264.533v34.133c0,23.927,29.986,42.667,68.267,42.667c4.719,0,8.533-3.814,8.533-8.533V230.4 \t\t\tc0-84.693,80.393-153.6,179.2-153.6s179.2,68.907,179.2,153.6v98.867l-20.599,20.599h-17.664 \t\t\tc8.115-20.659,12.664-43.401,12.664-67.32c0-93.585-68.907-169.719-153.6-169.719s-153.6,76.134-153.6,169.719 \t\t\tS171.307,452.267,256,452.267c56.883,0,106.53-34.423,133.077-85.333h29.056c2.27,0,4.437-0.896,6.033-2.5l23.159-23.159 \t\t\tc36.548-1.126,64.674-19.43,64.674-42.607v-34.133C512,242.372,486.255,224.683,452.028,222.199z M378.351,349.875h-79.684 \t\t\tc0-14.114-11.486-25.6-25.6-25.6h-34.133c-14.114,0-25.6,11.486-25.6,25.6v17.067c0,14.114,11.486,25.6,25.6,25.6h34.133 \t\t\tc14.114,0,25.6-11.486,25.6-25.6h71.014C345.19,408.038,303.394,435.2,256,435.2c-75.281,0-136.533-68.471-136.533-152.653 \t\t\tS180.719,129.903,256,129.903s136.533,68.471,136.533,152.653C392.533,306.739,387.345,329.532,378.351,349.875z\"><\/path> \t                                <\/svg><\/span><\/div>\n\n\n\n<div>\n<p class=\"gb-text gb-text-7daa10ee\">\u00bfNecesitas ayuda? ll\u00e1manos<\/p>\n\n\n\n<p class=\"gb-text gb-text-e8b92791\"><a href=\"tel:638803239\">638 80 32 39<\/a><\/p>\n<\/div>\n<\/div>\n<\/div>\n<\/div>\n<\/div>\n<\/section>\n\n\n\n<section class=\"gb-element-43ce0f73\">\n<div class=\"gb-element-111ff009\">\n<div>\n<div class=\"gb-text-e6efbbb3\"><span class=\"gb-shape\"><svg viewBox=\"0 0 612.051 612.051\" xmlns=\"http:\/\/www.w3.org\/2000\/svg\"><path d=\"m601.406 425.926-102.4 87.199v31.301c0 6.699-5.7 11.3-12.4 11.3h-68.3c-6.7 0-12.399-4.8-12.399-11.3v-70.2c0-3.7 1.899-7.601 4.8-9.5l125.1-77.7 12.4-165c0-14.3 11.3-25.6 25.6-25.6s25.601 11.3 25.601 24.6l12.399 178.3c.999 14.4-.801 18.999-10.401 26.6zm-491.2-61.5V241.125c0-12.4 1.9-20.9 7.6-33.2l60.7-126.1c6.7-14.3 25.6-26.5 41.7-26.5h171.7c17 0 36.1 11.3 42.6 26.5l60.7 126.1c5.7 12.4 7.6 21.8 7.6 33.2V364.525c0 4.8-4.8 9.5-9.5 9.5h-48.3c-5.7 0-9.5-4.8-9.5-9.5v-30.5h-258V364.426c0 4.8-4.8 9.5-9.5 9.5h-48.3c-4.7 0-9.5-4.801-9.5-9.5zm329.1-128.101c-17 0-30.399 14.3-30.399 30.4 0 16.1 13.3 30.4 30.399 30.4 17 0 30.4-13.3 30.4-30.4 0-17.1-13.4-30.4-30.4-30.4zm-274.1-32.2h282.6l-41.7-87.2c-8.5-17-16.1-20.9-33.199-20.9H239.306c-17 0-24.6 3.7-32.2 20.9l-41.9 87.2zm-21.8 62.5c0 16.1 13.3 30.4 30.4 30.4 17.1 0 30.4-13.3 30.4-30.4s-13.3-30.4-30.4-30.4c-17.1.001-30.4 14.3-30.4 30.4zm58.8 199.101-125.1-77.7-12.4-165c.9-15.2-11.3-26.5-25.6-26.5s-26.5 11.3-26.5 25.5l-12.4 178.4c-.9 14.3.9 18.899 10.4 26.5l102.4 87.199v31.301c0 6.699 5.7 11.3 12.4 11.3h69.3c6.7 0 12.4-4.8 12.4-11.3v-70.2c-.2-3.701-2.1-7.401-4.9-9.5z\"><\/path><\/svg><\/span><\/div>\n<\/div>\n\n\n\n<div class=\"gb-element-6f258f63\">\n<h2 class=\"gb-text gb-text-155cf3fc\">Tu pr\u00f3ximo coche empieza aqu\u00ed.<\/h2>\n\n\n\n<p class=\"gb-text gb-text-9aed937e\">En <strong>Autom\u00f3viles Ruiz<\/strong> ofrecemos soluciones completas para cubrir todas tus necesidades en automoci\u00f3n<\/p>\n\n\n\n<div class=\"gb-element-f33d45f6\">\n<span class=\"gb-text-556fa71a\"><span class=\"gb-shape\"><svg viewBox=\"0 0 460.384 460.384\" xmlns=\"http:\/\/www.w3.org\/2000\/svg\"><path d=\"M95.252 283.11c-13.807 0-25.039 11.232-25.039 25.039s11.232 25.039 25.039 25.039 25.039-11.233 25.039-25.039-11.232-25.039-25.039-25.039zm0 35.078c-5.536 0-10.039-4.504-10.039-10.039s4.503-10.039 10.039-10.039 10.039 4.503 10.039 10.039-4.503 10.039-10.039 10.039zM357.012 283.11c-13.807 0-25.04 11.232-25.04 25.039s11.233 25.039 25.04 25.039c13.806 0 25.038-11.233 25.038-25.039s-11.232-25.039-25.038-25.039zm0 35.078c-5.536 0-10.04-4.504-10.04-10.039s4.504-10.039 10.04-10.039c5.535 0 10.038 4.503 10.038 10.039s-4.503 10.039-10.038 10.039z\"><\/path><path d=\"m409.227 196.421-66.917-7.645-35.714-58.056c-10.905-17.728-30.61-28.741-51.424-28.741H133.676c-34.925 0-65.792 23.518-75.063 57.193l-.948 3.445c-4.607 16.733-17.845 30.052-34.549 34.762C9.506 201.217 0 213.773 0 227.914v83.012a7.5 7.5 0 0 0 7.5 7.5h38.557c4.757 22.798 25.006 39.978 49.195 39.978s44.438-17.18 49.195-39.978h163.37c4.757 22.798 25.006 39.978 49.195 39.978s44.438-17.18 49.195-39.978h40.477a7.5 7.5 0 0 0 7.452-6.65l5.874-51.483c3.604-31.603-19.176-60.256-50.783-63.872zM15 294.313h31.949a49.96 49.96 0 0 0-1.724 9.113H15v-9.113zm80.252 49.091c-19.44 0-35.255-15.815-35.255-35.255s15.815-35.256 35.255-35.256 35.255 15.816 35.255 35.256-15.815 35.255-35.255 35.255zm261.76 0c-19.44 0-35.255-15.815-35.255-35.255s15.815-35.256 35.255-35.256 35.255 15.816 35.255 35.256-15.815 35.255-35.255 35.255zm0-85.511c-16.987 0-32.021 8.48-41.122 21.42H182.425a7.5 7.5 0 0 0 0 15h126.284a49.96 49.96 0 0 0-1.724 9.113H145.279c-2.389-25.504-23.909-45.533-50.027-45.533-16.987 0-32.021 8.48-41.122 21.42H15v-51.399c0-7.455 5.012-14.075 12.187-16.098 21.728-6.126 38.947-23.452 44.94-45.218l.948-3.445c7.484-27.186 32.405-46.174 60.601-46.174h121.496c15.643 0 30.452 8.277 38.647 21.6l37.626 61.164a7.503 7.503 0 0 0 5.537 3.522l70.541 8.059c16.002 1.831 28.943 12.335 34.67 26.276H418.78a7.5 7.5 0 0 0 0 15h26.578a42.894 42.894 0 0 1-.253 5.993l-2.364 20.72h-44.608c-9.1-12.94-24.135-21.42-41.121-21.42zm50.026 45.533a49.876 49.876 0 0 0-1.724-9.113h35.716l-1.04 9.113h-32.952z\"><\/path><path d=\"M255.565 215.222h-15.76a7.5 7.5 0 0 0 0 15h15.76a7.5 7.5 0 0 0 0-15zM154.846 222.722a7.5 7.5 0 0 0-7.5-7.5h-15.76a7.5 7.5 0 0 0 0 15h15.76a7.5 7.5 0 0 0 7.5-7.5zM164.136 283.941c-1.314-3.113-4.658-5.069-8.025-4.546a7.58 7.58 0 0 0-6.213 5.776c-1.496 6.51 6.051 11.564 11.54 7.829 2.905-1.976 4.038-5.814 2.698-9.059-.19-.45.19.46 0 0zM286.014 143.391c-6.531-10.637-18.348-17.245-30.841-17.245h-121.5c-24.087 0-45.371 16.217-51.761 39.443l-.943 3.438c-2.468 8.956-6.268 24.34-6.429 24.991a7.501 7.501 0 0 0 7.281 9.298h227.64a7.499 7.499 0 0 0 6.388-11.43l-29.835-48.495zm-86.662-2.246v47.169h-69.054v-47.018a38.526 38.526 0 0 1 3.375-.151h65.679zm-103.92 31.857.944-3.441c2.86-10.395 9.865-18.839 18.922-23.747v42.499H91.432c1.265-4.992 2.81-10.99 4-15.311zm118.92 15.312v-47.169h40.821c7.316 0 14.235 3.868 18.062 10.1l22.807 37.069h-81.69z\"><\/path><\/svg><\/span><\/span>\n\n\n\n<span class=\"gb-text-2a08a6ae\"><span class=\"gb-shape\"><svg viewBox=\"0 0 239 239\" xmlns=\"http:\/\/www.w3.org\/2000\/svg\"><path d=\"m235.91 117.885-26.319-19.132-36.961-45.007a7.5 7.5 0 0 0-5.796-2.74H7.5a7.5 7.5 0 0 0-7.5 7.5v106.779a7.5 7.5 0 0 0 7.5 7.5h19.736c3.105 8.846 11.536 15.209 21.43 15.209s18.325-6.363 21.43-15.209h96.141c3.105 8.846 11.536 15.209 21.43 15.209s18.325-6.363 21.43-15.209H231.5a7.5 7.5 0 0 0 7.5-7.5v-41.334a7.5 7.5 0 0 0-3.09-6.066zM48.666 172.994c-4.251 0-7.709-3.458-7.709-7.709s3.458-7.709 7.709-7.709 7.709 3.458 7.709 7.709-3.458 7.709-7.709 7.709zm139.001 0c-4.251 0-7.709-3.458-7.709-7.709s3.458-7.709 7.709-7.709c4.25 0 7.708 3.458 7.708 7.709s-3.457 7.709-7.708 7.709zM224 157.785h-14.896c-3.104-8.848-11.541-15.209-21.436-15.209s-18.332 6.361-21.437 15.209H70.103c-3.104-8.848-11.542-15.209-21.437-15.209s-18.332 6.361-21.437 15.209H15V66.006h148.288l35.321 43.009c.405.493.87.932 1.386 1.307L224 127.771v30.014z\"><\/path><path d=\"M162.469 75.551a7.501 7.501 0 0 0-13.296 4.76v25.766a7.5 7.5 0 0 0 7.5 7.5h21.18a7.5 7.5 0 0 0 5.479-12.622l-20.863-25.404z\"><\/path><\/svg><\/span><\/span>\n<\/div>\n<\/div>\n<\/div>\n<\/section>\n\n\n\n<section class=\"gb-element-02d7f0ae\">\n<div class=\"gb-element-8875a48f\">\n<div class=\"gb-element-327e260a\">\n<img loading=\"lazy\" decoding=\"async\" width=\"1024\" height=\"683\" class=\"gb-media-9ea96152\" src=\"https:\/\/sites.generatepress.com\/safewheels\/wp-content\/uploads\/sites\/128\/2022\/06\/why-kei-8e2gal_GIE8-unsplash-1-1024x683.jpg\" title=\"why-kei-8e2gal_GIE8-unsplash\" srcset=\"https:\/\/automovilesruizlebrija.com\/wp-content\/uploads\/2022\/06\/why-kei-8e2gal_GIE8-unsplash-1-1024x683.jpg 1024w, https:\/\/automovilesruizlebrija.com\/wp-content\/uploads\/2022\/06\/why-kei-8e2gal_GIE8-unsplash-1-300x200.jpg 300w, https:\/\/automovilesruizlebrija.com\/wp-content\/uploads\/2022\/06\/why-kei-8e2gal_GIE8-unsplash-1-768x512.jpg 768w, https:\/\/automovilesruizlebrija.com\/wp-content\/uploads\/2022\/06\/why-kei-8e2gal_GIE8-unsplash-1-1536x1024.jpg 1536w, https:\/\/automovilesruizlebrija.com\/wp-content\/uploads\/2022\/06\/why-kei-8e2gal_GIE8-unsplash-1.jpg 1920w\" sizes=\"auto, (max-width: 1024px) 100vw, 1024px\" \/>\n<\/div>\n\n\n\n<div class=\"gb-element-1bb69474\">\n<h2 class=\"gb-text-b63c935f\"><span class=\"gb-shape\"><svg aria-hidden=\"true\" role=\"img\" height=\"1em\" width=\"1em\" viewBox=\"0 0 256 512\" xmlns=\"http:\/\/www.w3.org\/2000\/svg\"><path fill=\"currentColor\" d=\"M224.3 273l-136 136c-9.4 9.4-24.6 9.4-33.9 0l-22.6-22.6c-9.4-9.4-9.4-24.6 0-33.9l96.4-96.4-96.4-96.4c-9.4-9.4-9.4-24.6 0-33.9L54.3 103c9.4-9.4 24.6-9.4 33.9 0l136 136c9.5 9.4 9.5 24.6.1 34z\"><\/path><\/svg><\/span><span class=\"gb-text\">sobre nosotros<\/span><\/h2>\n\n\n\n<h3 class=\"gb-text\">AUTOM\u00d3VILES RUIZ<\/h3>\n\n\n\n<p class=\"gb-text\">En <strong>Autom\u00f3viles Ruiz<\/strong> entendemos que comprar un coche es mucho m\u00e1s que adquirir un veh\u00edculo: es una decisi\u00f3n importante que influye en tu d\u00eda a d\u00eda.<\/p>\n\n\n\n<p class=\"gb-text\">Por eso, trabajamos para ofrecerte una experiencia de compra <strong>segura, transparente y sin complicaciones<\/strong>, con veh\u00edculos de ocasi\u00f3n que destacan por su <strong>calidad, fiabilidad y precio competitivo<\/strong>.<\/p>\n\n\n\n<p class=\"gb-text\">Nos diferenciamos por ofrecer un servicio integral: no solo vendemos coches, sino que te acompa\u00f1amos antes, durante y despu\u00e9s de la compra, asegur\u00e1ndonos de que tomes la mejor decisi\u00f3n.<\/p>\n<\/div>\n<\/div>\n<\/section>\n\n\n\n<section class=\"gb-element-8d04ac5b\">\n<div class=\"gb-element-c813ceba\">\n<h2 class=\"gb-text-1f090e30\"><span class=\"gb-shape\"><svg aria-hidden=\"true\" role=\"img\" height=\"1em\" width=\"1em\" viewBox=\"0 0 256 512\" xmlns=\"http:\/\/www.w3.org\/2000\/svg\"><path fill=\"currentColor\" d=\"M224.3 273l-136 136c-9.4 9.4-24.6 9.4-33.9 0l-22.6-22.6c-9.4-9.4-9.4-24.6 0-33.9l96.4-96.4-96.4-96.4c-9.4-9.4-9.4-24.6 0-33.9L54.3 103c9.4-9.4 24.6-9.4 33.9 0l136 136c9.5 9.4 9.5 24.6.1 34z\"><\/path><\/svg><\/span><span class=\"gb-text\">Autom\u00f3viles ruiz<\/span><\/h2>\n\n\n\n<h3 class=\"gb-text gb-text-41e456bf\">PRODUCTOS Y SERVICIOS<\/h3>\n\n\n\n<p class=\"has-text-align-center\">En <strong>Autom\u00f3viles Ruiz<\/strong> ofrecemos soluciones completas para cubrir todas tus necesidades en automoci\u00f3n:<\/p>\n\n\n\n<div class=\"gb-element-1ef1c4ce\">\n<div class=\"gb-element-6a1686e8\">\n<img loading=\"lazy\" decoding=\"async\" width=\"640\" height=\"427\" class=\"gb-media-dc2c60f1\" src=\"https:\/\/automovilesruizlebrija.com\/wp-content\/uploads\/2022\/06\/campbell-3ZUsNJhi_Ik-unsplash.jpg\" title=\"campbell-3ZUsNJhi_Ik-unsplash\" srcset=\"https:\/\/automovilesruizlebrija.com\/wp-content\/uploads\/2022\/06\/campbell-3ZUsNJhi_Ik-unsplash.jpg 640w, https:\/\/automovilesruizlebrija.com\/wp-content\/uploads\/2022\/06\/campbell-3ZUsNJhi_Ik-unsplash-300x200.jpg 300w\" sizes=\"auto, (max-width: 640px) 100vw, 640px\" \/>\n\n\n\n<h3 class=\"gb-text gb-text-a6c88df9\">Venta de veh\u00edculos de ocasi\u00f3n<\/h3>\n\n\n\n<p class=\"gb-text\">Disponemos de una amplia selecci\u00f3n de coches de segunda mano, todos ellos <strong>revisados minuciosamente<\/strong> y listos para ofrecer el m\u00e1ximo rendimiento y seguridad.<\/p>\n<\/div>\n\n\n\n<div class=\"gb-element-a007a496\">\n<img loading=\"lazy\" decoding=\"async\" width=\"640\" height=\"427\" class=\"gb-media-4ffdc0bb\" src=\"https:\/\/automovilesruizlebrija.com\/wp-content\/uploads\/2026\/04\/Taller-Automoviles-Ruiz.jpg\" title=\"Taller - Automoviles Ruiz\" alt=\"\" srcset=\"https:\/\/automovilesruizlebrija.com\/wp-content\/uploads\/2026\/04\/Taller-Automoviles-Ruiz.jpg 640w, https:\/\/automovilesruizlebrija.com\/wp-content\/uploads\/2026\/04\/Taller-Automoviles-Ruiz-300x200.jpg 300w\" sizes=\"auto, (max-width: 640px) 100vw, 640px\" \/>\n\n\n\n<h3 class=\"gb-text gb-text-1ec8f7c0\">Taller propio especializado<\/h3>\n\n\n\n<p class=\"gb-text\">Contamos con un taller propio donde realizamos revisiones exhaustivas y mantenimientos, garantizando que cada veh\u00edculo cumpla con nuestros est\u00e1ndares de calidad.<\/p>\n<\/div>\n\n\n\n<div class=\"gb-element-6a2fc8b5\">\n<img loading=\"lazy\" decoding=\"async\" width=\"640\" height=\"427\" class=\"gb-media-9bfd937a\" src=\"https:\/\/automovilesruizlebrija.com\/wp-content\/uploads\/2026\/04\/Tienda-Automoviles-Ruiz.jpg\" title=\"Tienda - Automoviles Ruiz\" alt=\"\" srcset=\"https:\/\/automovilesruizlebrija.com\/wp-content\/uploads\/2026\/04\/Tienda-Automoviles-Ruiz.jpg 640w, https:\/\/automovilesruizlebrija.com\/wp-content\/uploads\/2026\/04\/Tienda-Automoviles-Ruiz-300x200.jpg 300w\" sizes=\"auto, (max-width: 640px) 100vw, 640px\" \/>\n\n\n\n<h3 class=\"gb-text gb-text-97d5e540\">Tienda de piezas y recambios<\/h3>\n\n\n\n<p class=\"gb-text\">Disponemos de tienda de piezas y recambios, lo que nos permite ofrecer soluciones r\u00e1pidas y econ\u00f3micas tanto a nuestros clientes como a sus veh\u00edculos.<\/p>\n<\/div>\n<\/div>\n<\/div>\n<\/section>\n\n\n\n<section class=\"gb-element-fd1b6618\">\n<div class=\"gb-element-a6318539\">\n<h2 class=\"gb-text-d79da463\"><span class=\"gb-shape\"><svg aria-hidden=\"true\" role=\"img\" height=\"1em\" width=\"1em\" viewBox=\"0 0 256 512\" xmlns=\"http:\/\/www.w3.org\/2000\/svg\"><path fill=\"currentColor\" d=\"M224.3 273l-136 136c-9.4 9.4-24.6 9.4-33.9 0l-22.6-22.6c-9.4-9.4-9.4-24.6 0-33.9l96.4-96.4-96.4-96.4c-9.4-9.4-9.4-24.6 0-33.9L54.3 103c9.4-9.4 24.6-9.4 33.9 0l136 136c9.5 9.4 9.5 24.6.1 34z\"><\/path><\/svg><\/span><span class=\"gb-text\">Nuestra ventaja competitiva<\/span><\/h2>\n\n\n\n<h3 class=\"gb-text gb-text-08def233\">\u00bfPor qu\u00e9 elegir a AUTOM\u00d3VILES RUIZ?<\/h3>\n\n\n\n<div class=\"gb-element-dd4771d0\">\n<div class=\"gb-element-c2f1184f\">\n<img loading=\"lazy\" decoding=\"async\" width=\"640\" height=\"960\" class=\"gb-media-7613db50\" src=\"https:\/\/automovilesruizlebrija.com\/wp-content\/uploads\/2022\/06\/alessio-lin-2n1SciGY5dI-unsplash.jpg\" title=\"alessio-lin-2n1SciGY5dI-unsplash\" srcset=\"https:\/\/automovilesruizlebrija.com\/wp-content\/uploads\/2022\/06\/alessio-lin-2n1SciGY5dI-unsplash.jpg 640w, https:\/\/automovilesruizlebrija.com\/wp-content\/uploads\/2022\/06\/alessio-lin-2n1SciGY5dI-unsplash-200x300.jpg 200w\" sizes=\"auto, (max-width: 640px) 100vw, 640px\" \/>\n<\/div>\n\n\n\n<div class=\"gb-element-7608c678\">\n<p class=\"gb-text gb-text-b51dcf7c\"><strong>La integraci\u00f3n de venta, taller y recambios nos permite:<\/strong><\/p>\n\n\n\n<h4 class=\"gb-text gb-text-c28a19fb\">Reducir costes<\/h4>\n\n\n\n<h4 class=\"gb-text gb-text-43fdfcf3\">Garantizar la calidad en cada proceso<\/h4>\n\n\n\n<h4 class=\"gb-text gb-text-fb6844cb\">Ofrecer precios m\u00e1s competitivos<\/h4>\n\n\n\n<h4 class=\"gb-text gb-text-d20e0398\">Asegurar el estado \u00f3ptimo de cada veh\u00edculo<\/h4>\n\n\n\n<p class=\"gb-text gb-text-43ad3661\"><strong>Adem\u00e1s, todos nuestros coches incluyen <strong>garant\u00eda<\/strong>, para que compres con total tranquilidad.<\/strong><\/p>\n\n\n\n<p class=\"gb-text gb-text-e0cadfaa\"><strong>Nuestros servicios est\u00e1n pensados para adaptarse a diferentes perfiles de clientes:<\/strong><\/p>\n\n\n\n<p class=\"gb-text gb-text-9c0458b4\">* <strong>Personas que buscan un veh\u00edculo fiable a un precio accesible<br>* Familias que necesitan renovar su coche con garant\u00edas<br>* J\u00f3venes conductores que buscan su primer veh\u00edculo<br>* Profesionales que necesitan un coche funcional y econ\u00f3mico<\/strong><\/p>\n\n\n\n<p class=\"gb-text gb-text-c0cea345\"><strong>Nuestro objetivo es claro: <strong>resolver tu necesidad de movilidad con soluciones seguras, revisadas y asequibles<\/strong>.<\/strong><\/p>\n<\/div>\n<\/div>\n<\/div>\n<\/section>\n\n\n\n<section class=\"gb-element-0900225e\">\n<h2 class=\"gb-text-04c1a4d9\"><span class=\"gb-shape\"><svg aria-hidden=\"true\" role=\"img\" height=\"1em\" width=\"1em\" viewBox=\"0 0 256 512\" xmlns=\"http:\/\/www.w3.org\/2000\/svg\"><path fill=\"currentColor\" d=\"M224.3 273l-136 136c-9.4 9.4-24.6 9.4-33.9 0l-22.6-22.6c-9.4-9.4-9.4-24.6 0-33.9l96.4-96.4-96.4-96.4c-9.4-9.4-9.4-24.6 0-33.9L54.3 103c9.4-9.4 24.6-9.4 33.9 0l136 136c9.5 9.4 9.5 24.6.1 34z\"><\/path><\/svg><\/span><span class=\"gb-text\">Nuestro Equipo<\/span><\/h2>\n\n\n\n<h3 class=\"gb-text gb-text-b625536b\">AUTOM\u00d3VILES RUIZ<\/h3>\n\n\n\n<p class=\"has-text-align-left\">El equipo de <strong>Autom\u00f3viles Ruiz<\/strong> est\u00e1 formado por profesionales j\u00f3venes, din\u00e1micos y altamente cualificados, con una s\u00f3lida trayectoria en el sector de la automoci\u00f3n.<\/p>\n\n\n\n<p class=\"has-text-align-left\">Nos caracteriza:<\/p>\n\n\n\n<ul class=\"wp-block-list\">\n<li>Un profundo conocimiento t\u00e9cnico<\/li>\n\n\n\n<li>Atenci\u00f3n personalizada<\/li>\n\n\n\n<li>Asesoramiento honesto<\/li>\n\n\n\n<li>Enfoque en las necesidades del cliente<\/li>\n<\/ul>\n\n\n\n<p class=\"has-text-align-left\">Te acompa\u00f1amos en todo el proceso para ayudarte a encontrar el veh\u00edculo que mejor se adapte a tu estilo de vida y presupuesto.<\/p>\n<\/section>\n\n\n\n<section class=\"gb-element-b6785889\">\n<div class=\"gb-element-4fd900ad\">\n<h2 class=\"gb-text-69c10393\"><span class=\"gb-shape\"><svg aria-hidden=\"true\" role=\"img\" height=\"1em\" width=\"1em\" viewBox=\"0 0 256 512\" xmlns=\"http:\/\/www.w3.org\/2000\/svg\"><path fill=\"currentColor\" d=\"M224.3 273l-136 136c-9.4 9.4-24.6 9.4-33.9 0l-22.6-22.6c-9.4-9.4-9.4-24.6 0-33.9l96.4-96.4-96.4-96.4c-9.4-9.4-9.4-24.6 0-33.9L54.3 103c9.4-9.4 24.6-9.4 33.9 0l136 136c9.5 9.4 9.5 24.6.1 34z\"><\/path><\/svg><\/span><span class=\"gb-text\">COMPROMISO SOCIAL Y SOSTENIBILIDAD<\/span><\/h2>\n\n\n\n<h3 class=\"gb-text gb-text-34d6835b\">En <strong>Autom\u00f3viles Ruiz<\/strong> apostamos por un modelo responsable basado en la econom\u00eda circular.<\/h3>\n\n\n\n<div class=\"gb-element-3a3bdd34\">\n<div class=\"gb-element-851aa0c4\">\n<div class=\"gb-element-af843e98\">\n<p class=\"gb-text gb-text-42ee45e2\">La comercializaci\u00f3n de veh\u00edculos de ocasi\u00f3n contribuye a:<\/p>\n\n\n\n<ul class=\"wp-block-list\">\n<li>Reducir el impacto ambiental <\/li>\n\n\n\n<li>Fomentar la reutilizaci\u00f3n de recursos<\/li>\n\n\n\n<li>Promover un consumo m\u00e1s sostenible<\/li>\n<\/ul>\n\n\n\n<p class=\"gb-text gb-text-2f7033fa\">Adem\u00e1s, nuestro taller opera bajo criterios de eficiencia y gesti\u00f3n responsable de residuos, cumpliendo con toda la normativa medioambiental vigente.<\/p>\n<\/div>\n<\/div>\n<\/div>\n<\/div>\n<\/section>\n\n\n\n<section class=\"gb-element-5999ad57\">\n<h2 class=\"gb-text-43795f85\"><span class=\"gb-shape\"><svg aria-hidden=\"true\" role=\"img\" height=\"1em\" width=\"1em\" viewBox=\"0 0 256 512\" xmlns=\"http:\/\/www.w3.org\/2000\/svg\"><path fill=\"currentColor\" d=\"M224.3 273l-136 136c-9.4 9.4-24.6 9.4-33.9 0l-22.6-22.6c-9.4-9.4-9.4-24.6 0-33.9l96.4-96.4-96.4-96.4c-9.4-9.4-9.4-24.6 0-33.9L54.3 103c9.4-9.4 24.6-9.4 33.9 0l136 136c9.5 9.4 9.5 24.6.1 34z\"><\/path><\/svg><\/span><span class=\"gb-text\">A QUI\u00c9N NOS DIRIGIMOS<\/span><\/h2>\n\n\n\n<h6 class=\"gb-text gb-text-02856717\">Nuestros servicios est\u00e1n pensados para adaptarse a diferentes perfiles de clientes:<\/h6>\n\n\n<div class=\"wp-block-image\">\n<figure class=\"aligncenter size-large\"><img loading=\"lazy\" decoding=\"async\" width=\"1024\" height=\"683\" src=\"https:\/\/automovilesruizlebrija.com\/wp-content\/uploads\/2026\/04\/clientes-1024x683.png\" alt=\"\" class=\"wp-image-1371\" srcset=\"https:\/\/automovilesruizlebrija.com\/wp-content\/uploads\/2026\/04\/clientes-1024x683.png 1024w, https:\/\/automovilesruizlebrija.com\/wp-content\/uploads\/2026\/04\/clientes-300x200.png 300w, https:\/\/automovilesruizlebrija.com\/wp-content\/uploads\/2026\/04\/clientes-768x512.png 768w, https:\/\/automovilesruizlebrija.com\/wp-content\/uploads\/2026\/04\/clientes.png 1536w\" sizes=\"auto, (max-width: 1024px) 100vw, 1024px\" \/><\/figure>\n<\/div>\n\n\n<p class=\"has-text-align-center\">Nuestro objetivo es claro: <strong>resolver tu necesidad de movilidad con soluciones seguras, revisadas y asequibles<\/strong>.<\/p>\n<\/section>\n\n\n\n<section class=\"gb-element-062df5da\">\n<div class=\"gb-element-603067fd\">\n<div class=\"gb-element-10283277\">\n<img loading=\"lazy\" decoding=\"async\" width=\"640\" height=\"960\" class=\"gb-media-a38539e6\" src=\"https:\/\/automovilesruizlebrija.com\/wp-content\/uploads\/2022\/06\/pexels-mikhail-nilov-7681285.jpg\" title=\"pexels-mikhail-nilov-7681285\" srcset=\"https:\/\/automovilesruizlebrija.com\/wp-content\/uploads\/2022\/06\/pexels-mikhail-nilov-7681285.jpg 640w, https:\/\/automovilesruizlebrija.com\/wp-content\/uploads\/2022\/06\/pexels-mikhail-nilov-7681285-200x300.jpg 200w\" sizes=\"auto, (max-width: 640px) 100vw, 640px\" \/>\n<\/div>\n\n\n\n<div class=\"gb-element-fc1d6741\">\n<h2 class=\"gb-text-9c7dc771\"><span class=\"gb-shape\"><svg aria-hidden=\"true\" role=\"img\" height=\"1em\" width=\"1em\" viewBox=\"0 0 256 512\" xmlns=\"http:\/\/www.w3.org\/2000\/svg\"><path fill=\"currentColor\" d=\"M224.3 273l-136 136c-9.4 9.4-24.6 9.4-33.9 0l-22.6-22.6c-9.4-9.4-9.4-24.6 0-33.9l96.4-96.4-96.4-96.4c-9.4-9.4-9.4-24.6 0-33.9L54.3 103c9.4-9.4 24.6-9.4 33.9 0l136 136c9.5 9.4 9.5 24.6.1 34z\"><\/path><\/svg><\/span><span class=\"gb-text\">Get in touch<\/span><\/h2>\n\n\n\n<h2 class=\"gb-text gb-text-754da08b\">Get your free quote now.<\/h2>\n\n\n\n<div class=\"gb-element-684a8bc8\">\n<p class=\"gb-text gb-text-135567bd\">[Insert your contact form]<\/p>\n<\/div>\n<\/div>\n<\/div>\n<\/section>\n","protected":false},"excerpt":{"rendered":"<p>AUTOM\u00d3VILES RUIZ \u201cCalidad, confianza y el mejor precio en cada kil\u00f3metro.\u201d En Autom\u00f3viles Ruiz nos especializamos en la venta de veh\u00edculos de ocasi\u00f3n revisados y garantizados, ofreciendo siempre la mejor relaci\u00f3n calidad-precio. Gracias a nuestro taller y tienda de recambios propios, aseguramos coches fiables, un servicio completo y una experiencia de compra cercana, transparente y &#8230; <a title=\"Inicio\" class=\"read-more\" href=\"https:\/\/automovilesruizlebrija.com\/\" aria-label=\"Leer m\u00e1s sobre Inicio\">Leer m\u00e1s<\/a><\/p>\n","protected":false},"author":2,"featured_media":0,"parent":0,"menu_order":0,"comment_status":"closed","ping_status":"closed","template":"","meta":{"footnotes":""},"class_list":["post-1332","page","type-page","status-publish"],"_links":{"self":[{"href":"https:\/\/automovilesruizlebrija.com\/wp-json\/wp\/v2\/pages\/1332","targetHints":{"allow":["GET"]}}],"collection":[{"href":"https:\/\/automovilesruizlebrija.com\/wp-json\/wp\/v2\/pages"}],"about":[{"href":"https:\/\/automovilesruizlebrija.com\/wp-json\/wp\/v2\/types\/page"}],"author":[{"embeddable":true,"href":"https:\/\/automovilesruizlebrija.com\/wp-json\/wp\/v2\/users\/2"}],"replies":[{"embeddable":true,"href":"https:\/\/automovilesruizlebrija.com\/wp-json\/wp\/v2\/comments?post=1332"}],"version-history":[{"count":8,"href":"https:\/\/automovilesruizlebrija.com\/wp-json\/wp\/v2\/pages\/1332\/revisions"}],"predecessor-version":[{"id":1372,"href":"https:\/\/automovilesruizlebrija.com\/wp-json\/wp\/v2\/pages\/1332\/revisions\/1372"}],"wp:attachment":[{"href":"https:\/\/automovilesruizlebrija.com\/wp-json\/wp\/v2\/media?parent=1332"}],"curies":[{"name":"wp","href":"https:\/\/api.w.org\/{rel}","templated":true}]}}